{"id":116,"date":"2022-11-29T16:53:10","date_gmt":"2022-11-29T08:53:10","guid":{"rendered":"https:\/\/maestrochworld.com\/wordpress\/?page_id=116"},"modified":"2022-11-29T16:57:17","modified_gmt":"2022-11-29T08:57:17","slug":"regions","status":"publish","type":"page","link":"https:\/\/maestrochworld.com\/wordpress\/wine-tips\/know-your-wine\/regions\/","title":{"rendered":"Regions"},"content":{"rendered":"\n<div class=\"wp-block-image\"><figure class=\"aligncenter size-full\"><img decoding=\"async\" loading=\"lazy\" width=\"1000\" height=\"288\" src=\"https:\/\/maestrochworld.com\/wordpress\/wp-content\/uploads\/2022\/11\/Bodegas-Ysios-of-La-Rioja-wine-region-in-Spain.jpg\" alt=\"\" class=\"wp-image-118\" srcset=\"https:\/\/maestrochworld.com\/wordpress\/wp-content\/uploads\/2022\/11\/Bodegas-Ysios-of-La-Rioja-wine-region-in-Spain.jpg 1000w, https:\/\/maestrochworld.com\/wordpress\/wp-content\/uploads\/2022\/11\/Bodegas-Ysios-of-La-Rioja-wine-region-in-Spain-300x86.jpg 300w, https:\/\/maestrochworld.com\/wordpress\/wp-content\/uploads\/2022\/11\/Bodegas-Ysios-of-La-Rioja-wine-region-in-Spain-768x221.jpg 768w\" sizes=\"(max-width: 1000px) 100vw, 1000px\" \/><\/figure><\/div>\n\n\n\n<h3>Wine Regions<\/h3>\n\n\n\n<p>Some popular examples of the wine regions:<\/p>\n\n\n\n<ul><li>France<ul><li>Alsace<\/li><li>Champagne<\/li><\/ul><ul><li>Bordeaux (this is a more extensive list as it&#8217;s a famous region)<ul><li>M\u00e9doc, Haut m\u00e9doc, Margaux, St. Est\u00e8phe, Pauillac, St Julien, listrac, Moulis, Graves, Pessac L\u00e9ognan, Sauternes, Barsac, Premieres cotes de bordeaux, Bordeaux aoc\/Bordeaux sup\u00e9rieur, Entre deux mers, St. Emilion, Cotes de castillon, Cotes de francs, Pomerol, Fronsac, Cotes de bourg<\/li><\/ul><\/li><li>Burgundy\/Bourgogne (extensive list)<ul><li>Chablis<\/li><li>Gevrey Chambertin, Clos Vougeot, Vosne Roman\u00e9e, Nuits Saint Georges, Corton, Pommard, Volnay, Meursault, Chassagne Montrachet, Givry, Pouilly Fuiss\u00e9, Rully, Macon, Mercurey<\/li><li>Beaujolais<\/li><\/ul><\/li><li>Cotes du Rhone<ul><li>Condrieu, Ch\u00e2teau Grillet, Hermitage, Crozes Hermitage, Cornas, Gigondas, Ch\u00e2teauneuf du Pape, C\u00f4tes du Ventoux<\/li><\/ul><\/li><li>Languedoc-Roussillon<\/li><li>Provence<\/li><li>Loire Valley<\/li><li>South West<\/li><li>Corsica<\/li><\/ul><\/li><li>Spain<ul><li>La Rioja,&nbsp;Ribera Del Duero, Rias Baixas, Navarra, La Mancha, Valdepe\u00f1as, Almansa, Valencia, Alicante, Jumilla, Yecla, Utiel-Requena, Sherry (Xeres)<\/li><\/ul><\/li><li>Italy<ul><li>Tuscany, Piedmont, Veneto, Chianti, Emilia-Romagna, Umbria, Latium, Castel del Monte, Salice Salentino, Copertino, Primitivo di Manduria, Sardinia, Sicily<\/li><\/ul><\/li><\/ul>\n\n\n\n<h3>Other references<\/h3>\n\n\n\n<ul><li><em>The World Atlas of Wine <\/em>by Hugh Johnson &amp; Jancis Robinson<\/li><\/ul>\n\n\n\n<p><\/p>\n","protected":false},"excerpt":{"rendered":"<p>Wine Regions Some popular examples of the wine regions: France Alsace Champagne Bordeaux (this is a more extensive list as it&#8217;s a famous region) M\u00e9doc, Haut m\u00e9doc, Margaux, St. Est\u00e8phe, Pauillac, St Julien, listrac, Moulis, Graves, Pessac L\u00e9ognan, Sauternes, Barsac, Premieres cotes de bordeaux, Bordeaux aoc\/Bordeaux sup\u00e9rieur, Entre deux mers, St. Emilion, Cotes de castillon, [&hellip;]<\/p>\n","protected":false},"author":1,"featured_media":0,"parent":110,"menu_order":0,"comment_status":"closed","ping_status":"closed","template":"","meta":[],"aioseo_notices":[],"_links":{"self":[{"href":"https:\/\/maestrochworld.com\/wordpress\/wp-json\/wp\/v2\/pages\/116"}],"collection":[{"href":"https:\/\/maestrochworld.com\/wordpress\/wp-json\/wp\/v2\/pages"}],"about":[{"href":"https:\/\/maestrochworld.com\/wordpress\/wp-json\/wp\/v2\/types\/page"}],"author":[{"embeddable":true,"href":"https:\/\/maestrochworld.com\/wordpress\/wp-json\/wp\/v2\/users\/1"}],"replies":[{"embeddable":true,"href":"https:\/\/maestrochworld.com\/wordpress\/wp-json\/wp\/v2\/comments?post=116"}],"version-history":[{"count":5,"href":"https:\/\/maestrochworld.com\/wordpress\/wp-json\/wp\/v2\/pages\/116\/revisions"}],"predecessor-version":[{"id":128,"href":"https:\/\/maestrochworld.com\/wordpress\/wp-json\/wp\/v2\/pages\/116\/revisions\/128"}],"up":[{"embeddable":true,"href":"https:\/\/maestrochworld.com\/wordpress\/wp-json\/wp\/v2\/pages\/110"}],"wp:attachment":[{"href":"https:\/\/maestrochworld.com\/wordpress\/wp-json\/wp\/v2\/media?parent=116"}],"curies":[{"name":"wp","href":"https:\/\/api.w.org\/{rel}","templated":true}]}}